{"id":12,"date":"2026-01-29T21:54:25","date_gmt":"2026-01-29T21:54:25","guid":{"rendered":"http:\/\/www.ekincilercambalkon.tr\/?page_id=12"},"modified":"2026-02-20T15:24:34","modified_gmt":"2026-02-20T15:24:34","slug":"anasayfa","status":"publish","type":"page","link":"https:\/\/www.ekincilercambalkon.tr\/","title":{"rendered":"EK\u0130NC\u0130LER CAM BALKON"},"content":{"rendered":"\n<div class=\"wp-block-cover alignfull is-light\" style=\"min-height:100vh;aspect-ratio:unset;\"><video class=\"wp-block-cover__video-background intrinsic-ignore\" autoplay muted loop playsinline src=\"https:\/\/demo.wpzoom.com\/inspiro-lite\/files\/2022\/03\/Pexels-Videos-1409899-1.mp4\" data-object-fit=\"cover\"><\/video><span aria-hidden=\"true\" class=\"wp-block-cover__background has-background-dim-20 has-background-dim\"><\/span><div class=\"wp-block-cover__inner-container has-global-padding is-layout-constrained wp-block-cover-is-layout-constrained\">\n<p class=\"has-text-align-center has-white-color has-text-color has-max-60-font-size\" style=\"font-style:normal;font-weight:900;line-height:1.2\"><strong>HO\u015eGELD\u0130N\u0130Z<\/strong>..<\/p>\n\n\n\n<p class=\"has-text-align-center has-white-color has-text-color has-medium-font-size\"><strong>D\u0131\u015f d\u00fcnya ile ba\u011f\u0131n\u0131z\u0131 koparmadan, her mevsimin tad\u0131n\u0131 \u00e7\u0131karabilece\u011finiz konforlu alanlar tasarl\u0131yoruz. Kalite ve esteti\u011fin bulu\u015ftu\u011fu adresimize ho\u015f geldiniz.<\/strong><\/p>\n\n\n\n<div style=\"height:55px\" aria-hidden=\"true\" class=\"wp-block-spacer\"><\/div>\n\n\n\n<div class=\"wp-block-buttons is-content-justification-center is-layout-flex wp-container-core-buttons-is-layout-a89b3969 wp-block-buttons-is-layout-flex\">\n<div class=\"wp-block-button is-style-outline is-style-outline--1\"><a class=\"wp-block-button__link has-white-color has-text-color wp-element-button\" href=\"https:\/\/www.ekincilercambalkon.tr\/index.php\/iletisim\/\" style=\"border-radius:0px\">\u0130LET\u0130\u015e\u0130M<\/a><\/div>\n<\/div>\n<\/div><\/div>\n\n\n\n<div class=\"wp-block-group has-global-padding is-layout-constrained wp-block-group-is-layout-constrained\">\n<div style=\"height:57px\" aria-hidden=\"true\" class=\"wp-block-spacer\"><\/div>\n\n\n\n<h2 class=\"wp-block-heading has-text-align-center has-medium-font-size\" style=\"letter-spacing:1px\"><strong>Neden Ekinciler Cam Balkon\u2019u Tercih Etmelisiniz?<\/strong><\/h2>\n\n\n\n<p class=\"has-text-align-center\"><strong>Estetik G\u00f6r\u00fcn\u00fcm:<\/strong>&nbsp;Binan\u0131z\u0131n mimarisine uyum sa\u011flayan, modern ve \u015f\u0131k profil se\u00e7enekleri.<\/p>\n\n\n\n<p class=\"has-text-align-center\"><strong>D\u00f6rt Mevsim Kullan\u0131m:<\/strong>&nbsp;Is\u0131caml\u0131 sistemlerimizle balkon keyfinizi k\u0131\u015f\u0131n da s\u00fcrd\u00fcr\u00fcn.<\/p>\n\n\n\n<p class=\"has-text-align-center\"><strong>Maksimum G\u00fcvenlik:<\/strong>&nbsp;Temperli cam ve \u00f6zel kilit sistemleri ile \u00e7ocuklar\u0131n\u0131z ve eviniz i\u00e7in tam koruma.<\/p>\n\n\n\n<p class=\"has-text-align-center\"><strong>Kolay Temizlik:<\/strong>&nbsp;Kanatlar\u0131n i\u00e7eri katlanma \u00f6zelli\u011fi sayesinde cam temizli\u011fi art\u0131k \u00e7ok daha g\u00fcvenli ve pratik.<\/p>\n\n\n\n<p class=\"has-text-align-center\"><strong>Ses Yal\u0131t\u0131m\u0131:<\/strong>&nbsp;\u015eehrin g\u00fcr\u00fclt\u00fcs\u00fcn\u00fc d\u0131\u015far\u0131da b\u0131rak\u0131n, huzuru i\u00e7eri al\u0131n.<\/p>\n\n\n\n<div class=\"wp-block-buttons is-horizontal is-content-justification-center is-layout-flex wp-container-core-buttons-is-layout-03627597 wp-block-buttons-is-layout-flex\">\n<div class=\"wp-block-button is-style-outline is-style-outline--2\"><a class=\"wp-block-button__link has-small-font-size has-custom-font-size wp-element-button\" href=\"https:\/\/www.ekincilercambalkon.tr\/index.php\/hakkimizda\/\" style=\"border-radius:0px\">DEVAMI<\/a><\/div>\n<\/div>\n\n\n\n<div style=\"height:57px\" aria-hidden=\"true\" class=\"wp-block-spacer\"><\/div>\n<\/div>\n\n\n\n<div id=\"services\" class=\"wp-block-group alignfull pattern_multiple_covers has-background has-global-padding is-layout-constrained wp-block-group-is-layout-constrained\">\n<div style=\"height:84px\" aria-hidden=\"true\" class=\"wp-block-spacer\"><\/div>\n\n\n\n<h2 class=\"wp-block-heading has-text-align-left\">EK\u0130NC\u0130LER CAM BALKON<\/h2>\n\n\n\n<p class=\"has-text-align-left\"><\/p>\n\n\n\n<p>Evinizin Yeni Nefes Alan\u0131: Ekinciler Cam Balkon<\/p>\n\n\n\n<p>&#8220;Balkonlar, bir evin d\u0131\u015f d\u00fcnyaya a\u00e7\u0131lan kap\u0131s\u0131d\u0131r. Ekinciler Cam Balkon olarak, bu kap\u0131y\u0131 d\u00f6rt mevsim konforla bulu\u015fturuyoruz. Geli\u015fmi\u015f cam sistemlerimizle balkonunuzu sadece bir d\u0131\u015f mekan olmaktan \u00e7\u0131kar\u0131yor, evinizin en keyifli odas\u0131na d\u00f6n\u00fc\u015ft\u00fcr\u00fcyoruz.<\/p>\n\n\n\n<p>Is\u0131 yal\u0131t\u0131ml\u0131, dayan\u0131kl\u0131 ve estetik \u00e7\u00f6z\u00fcmlerimizle; k\u0131\u015f\u0131n so\u011fu\u011fundan, yaz\u0131n tozundan uzak, manzaran\u0131zdan \u00f6d\u00fcn vermeden ya\u015faman\u0131z i\u00e7in \u00e7al\u0131\u015f\u0131yoruz. Modern m\u00fchendisli\u011fi \u015f\u0131k tasar\u0131mla birle\u015ftiriyor, ya\u015fam alanlar\u0131n\u0131za de\u011fer kat\u0131yoruz.&#8221;<\/p>\n\n\n\n<div style=\"height:46px\" aria-hidden=\"true\" class=\"wp-block-spacer\"><\/div>\n\n\n\n<div class=\"wp-block-columns is-layout-flex wp-container-core-columns-is-layout-28f84493 wp-block-columns-is-layout-flex\">\n<div class=\"wp-block-column is-layout-flow wp-block-column-is-layout-flow\" style=\"padding-top:0;padding-right:0;padding-bottom:0;padding-left:0\">\n<div class=\"wp-block-cover has-custom-content-position is-position-bottom-left\" style=\"padding-top:var(--wp--preset--spacing--small);padding-right:var(--wp--preset--spacing--x-small);padding-bottom:var(--wp--preset--spacing--small);padding-left:var(--wp--preset--spacing--x-small)\"><img loading=\"lazy\" decoding=\"async\" width=\"695\" height=\"695\" class=\"wp-block-cover__image-background wp-image-27 size-full\" alt=\"\" src=\"http:\/\/www.ekincilercambalkon.tr\/wp-content\/uploads\/2026\/01\/giyotin-cam-balkon-silinebilir-3-695x695-1.jpg\" data-object-fit=\"cover\" srcset=\"https:\/\/www.ekincilercambalkon.tr\/wp-content\/uploads\/2026\/01\/giyotin-cam-balkon-silinebilir-3-695x695-1.jpg 695w, https:\/\/www.ekincilercambalkon.tr\/wp-content\/uploads\/2026\/01\/giyotin-cam-balkon-silinebilir-3-695x695-1-300x300.jpg 300w, https:\/\/www.ekincilercambalkon.tr\/wp-content\/uploads\/2026\/01\/giyotin-cam-balkon-silinebilir-3-695x695-1-150x150.jpg 150w\" sizes=\"auto, (max-width: 695px) 100vw, 695px\" \/><span aria-hidden=\"true\" class=\"wp-block-cover__background has-primary-background-color has-background-dim-70 has-background-dim\"><\/span><div class=\"wp-block-cover__inner-container is-layout-flow wp-block-cover-is-layout-flow\">\n<h3 class=\"wp-block-heading has-white-color has-text-color has-medium-font-size\" style=\"margin-top:0;margin-right:0;margin-bottom:0;margin-left:0\">G\u0130YOT\u0130N<\/h3>\n\n\n\n<p class=\"has-secondary-color has-text-color has-link-color wp-elements-e551b1cedb64a752b0bca890068c8de8\" style=\"margin-top:0;margin-right:0;margin-bottom:0;margin-left:0\"><a href=\"https:\/\/www.ekincilercambalkon.tr\/index.php\/galeri\/\" data-type=\"page\" data-id=\"13\">DEVAMI<\/a><\/p>\n<\/div><\/div>\n<\/div>\n\n\n\n<div class=\"wp-block-column is-layout-flow wp-block-column-is-layout-flow\" style=\"padding-top:0;padding-right:0;padding-bottom:0;padding-left:0\">\n<div class=\"wp-block-cover has-custom-content-position is-position-bottom-left\" style=\"padding-top:var(--wp--preset--spacing--small);padding-right:var(--wp--preset--spacing--x-small);padding-bottom:var(--wp--preset--spacing--small);padding-left:var(--wp--preset--spacing--x-small)\"><img loading=\"lazy\" decoding=\"async\" width=\"768\" height=\"1024\" class=\"wp-block-cover__image-background wp-image-28 size-large\" alt=\"\" src=\"http:\/\/www.ekincilercambalkon.tr\/wp-content\/uploads\/2026\/01\/IMG_1649-768x1024.jpeg\" data-object-fit=\"cover\" srcset=\"https:\/\/www.ekincilercambalkon.tr\/wp-content\/uploads\/2026\/01\/IMG_1649-768x1024.jpeg 768w, https:\/\/www.ekincilercambalkon.tr\/wp-content\/uploads\/2026\/01\/IMG_1649-225x300.jpeg 225w, https:\/\/www.ekincilercambalkon.tr\/wp-content\/uploads\/2026\/01\/IMG_1649-2000x2667.jpeg 2000w, https:\/\/www.ekincilercambalkon.tr\/wp-content\/uploads\/2026\/01\/IMG_1649-scaled.jpeg 1920w\" sizes=\"auto, (max-width: 768px) 100vw, 768px\" \/><span aria-hidden=\"true\" class=\"wp-block-cover__background has-primary-background-color has-background-dim-70 has-background-dim\"><\/span><div class=\"wp-block-cover__inner-container is-layout-flow wp-block-cover-is-layout-flow\">\n<h3 class=\"wp-block-heading has-white-color has-text-color has-medium-font-size\" style=\"margin-top:0;margin-right:0;margin-bottom:0;margin-left:0\">CAM BALKON<\/h3>\n\n\n\n<p class=\"has-secondary-color has-text-color has-link-color wp-elements-e551b1cedb64a752b0bca890068c8de8\" style=\"margin-top:0;margin-right:0;margin-bottom:0;margin-left:0\"><a href=\"https:\/\/www.ekincilercambalkon.tr\/index.php\/galeri\/\" data-type=\"page\" data-id=\"13\">DEVAMI<\/a><\/p>\n<\/div><\/div>\n<\/div>\n\n\n\n<div class=\"wp-block-column is-layout-flow wp-block-column-is-layout-flow\" style=\"padding-top:0;padding-right:0;padding-bottom:0;padding-left:0\">\n<div class=\"wp-block-cover has-custom-content-position is-position-bottom-left\" style=\"padding-top:var(--wp--preset--spacing--small);padding-right:var(--wp--preset--spacing--x-small);padding-bottom:var(--wp--preset--spacing--small);padding-left:var(--wp--preset--spacing--x-small)\"><img loading=\"lazy\" decoding=\"async\" width=\"1024\" height=\"768\" class=\"wp-block-cover__image-background wp-image-29 size-large\" alt=\"\" src=\"http:\/\/www.ekincilercambalkon.tr\/wp-content\/uploads\/2026\/01\/Pergole-Tente-Sistemler-1024x768.jpg\" data-object-fit=\"cover\" srcset=\"https:\/\/www.ekincilercambalkon.tr\/wp-content\/uploads\/2026\/01\/Pergole-Tente-Sistemler-1024x768.jpg 1024w, https:\/\/www.ekincilercambalkon.tr\/wp-content\/uploads\/2026\/01\/Pergole-Tente-Sistemler-300x225.jpg 300w, https:\/\/www.ekincilercambalkon.tr\/wp-content\/uploads\/2026\/01\/Pergole-Tente-Sistemler.jpg 1440w\" sizes=\"auto, (max-width: 1024px) 100vw, 1024px\" \/><span aria-hidden=\"true\" class=\"wp-block-cover__background has-primary-background-color has-background-dim-70 has-background-dim\"><\/span><div class=\"wp-block-cover__inner-container is-layout-flow wp-block-cover-is-layout-flow\">\n<h3 class=\"wp-block-heading has-white-color has-text-color has-medium-font-size\" style=\"margin-top:0;margin-right:0;margin-bottom:0;margin-left:0\">PERGOLE<\/h3>\n\n\n\n<p class=\"has-secondary-color has-text-color has-link-color wp-elements-e551b1cedb64a752b0bca890068c8de8\" style=\"margin-top:0;margin-right:0;margin-bottom:0;margin-left:0\"><a href=\"https:\/\/www.ekincilercambalkon.tr\/index.php\/galeri\/\" data-type=\"page\" data-id=\"13\">DEVAMI<\/a><\/p>\n<\/div><\/div>\n<\/div>\n<\/div>\n\n\n\n<div style=\"height:103px\" aria-hidden=\"true\" class=\"wp-block-spacer\"><\/div>\n<\/div>\n\n\n\n<div class=\"wp-block-group alignfull has-global-padding is-layout-constrained wp-block-group-is-layout-constrained\">\n<div class=\"wp-block-group has-global-padding is-layout-constrained wp-block-group-is-layout-constrained\" style=\"padding-top:var(--wp--preset--spacing--small);padding-bottom:var(--wp--preset--spacing--small)\">\n<div style=\"height:30px\" aria-hidden=\"true\" class=\"wp-block-spacer\"><\/div>\n\n\n\n<div class=\"wp-block-columns is-layout-flex wp-container-core-columns-is-layout-c375d253 wp-block-columns-is-layout-flex\">\n<div class=\"wp-block-column is-vertically-aligned-center is-layout-flow wp-block-column-is-layout-flow\">\n<h2 class=\"wp-block-heading has-medium-font-size\" style=\"text-transform:uppercase\">S\u0131n\u0131rlar\u0131 Kald\u0131ran \u015e\u0131kl\u0131k: \u015eeffaf Cam Korkuluklar<\/h2>\n\n\n\n<p>&#8220;Manzaran\u0131z kesilmesin, evinizin ferahl\u0131\u011f\u0131 d\u0131\u015far\u0131 ta\u015fs\u0131n. Ekinciler olarak sundu\u011fumuz cam korkuluk modelleri, minimalist tasar\u0131m\u0131yla modern mimarinin en zarif par\u00e7as\u0131d\u0131r. Paslanmaz \u00e7elik veya gizli al\u00fcminyum profillerle desteklenen temperli camlar\u0131m\u0131z, hem g\u00fcvenli\u011fi en \u00fcst seviyeye \u00e7\u0131kar\u0131r hem de mekan\u0131n\u0131za kesintisiz bir g\u00f6rsellik katar.&#8221;<\/p>\n\n\n\n<div class=\"wp-block-buttons is-horizontal is-content-justification-left is-layout-flex wp-container-core-buttons-is-layout-20be11b6 wp-block-buttons-is-layout-flex\">\n<div class=\"wp-block-button is-style-outline is-style-outline--3\"><a class=\"wp-block-button__link wp-element-button\" href=\"https:\/\/www.ekincilercambalkon.tr\/index.php\/galeri\/\" style=\"border-radius:0px\">DEVAMI<\/a><\/div>\n<\/div>\n\n\n\n<p><\/p>\n<\/div>\n\n\n\n<div class=\"wp-block-column is-layout-flow wp-block-column-is-layout-flow\">\n<figure class=\"wp-block-image size-large\"><img loading=\"lazy\" decoding=\"async\" width=\"768\" height=\"1024\" src=\"http:\/\/www.ekincilercambalkon.tr\/wp-content\/uploads\/2026\/01\/f6af6708-151c-4c52-b45e-b06a45178414-768x1024.jpg\" alt=\"\" class=\"wp-image-30\" srcset=\"https:\/\/www.ekincilercambalkon.tr\/wp-content\/uploads\/2026\/01\/f6af6708-151c-4c52-b45e-b06a45178414-768x1024.jpg 768w, https:\/\/www.ekincilercambalkon.tr\/wp-content\/uploads\/2026\/01\/f6af6708-151c-4c52-b45e-b06a45178414-225x300.jpg 225w, https:\/\/www.ekincilercambalkon.tr\/wp-content\/uploads\/2026\/01\/f6af6708-151c-4c52-b45e-b06a45178414.jpg 1200w\" sizes=\"auto, (max-width: 768px) 100vw, 768px\" \/><\/figure>\n<\/div>\n<\/div>\n\n\n\n<div style=\"height:30px\" aria-hidden=\"true\" class=\"wp-block-spacer\"><\/div>\n<\/div>\n<\/div>\n\n\n\n<div class=\"wp-block-group alignfull has-background has-global-padding is-layout-constrained wp-block-group-is-layout-constrained\">\n<div class=\"wp-block-group has-global-padding is-layout-constrained wp-block-group-is-layout-constrained\" style=\"padding-top:var(--wp--preset--spacing--small);padding-bottom:var(--wp--preset--spacing--small)\">\n<div style=\"height:30px\" aria-hidden=\"true\" class=\"wp-block-spacer\"><\/div>\n\n\n\n<div class=\"wp-block-columns are-vertically-aligned-center is-layout-flex wp-container-core-columns-is-layout-c375d253 wp-block-columns-is-layout-flex\">\n<div class=\"wp-block-column is-vertically-aligned-center is-layout-flow wp-block-column-is-layout-flow\">\n<figure class=\"wp-block-image size-large\"><img loading=\"lazy\" decoding=\"async\" width=\"768\" height=\"1024\" src=\"http:\/\/www.ekincilercambalkon.tr\/wp-content\/uploads\/2026\/01\/IMG_1699-768x1024.jpeg\" alt=\"\" class=\"wp-image-31\" srcset=\"https:\/\/www.ekincilercambalkon.tr\/wp-content\/uploads\/2026\/01\/IMG_1699-768x1024.jpeg 768w, https:\/\/www.ekincilercambalkon.tr\/wp-content\/uploads\/2026\/01\/IMG_1699-225x300.jpeg 225w, https:\/\/www.ekincilercambalkon.tr\/wp-content\/uploads\/2026\/01\/IMG_1699-2000x2667.jpeg 2000w, https:\/\/www.ekincilercambalkon.tr\/wp-content\/uploads\/2026\/01\/IMG_1699-scaled.jpeg 1920w\" sizes=\"auto, (max-width: 768px) 100vw, 768px\" \/><\/figure>\n<\/div>\n\n\n\n<div class=\"wp-block-column is-vertically-aligned-center is-layout-flow wp-block-column-is-layout-flow\">\n<h2 class=\"wp-block-heading has-medium-font-size\" style=\"text-transform:uppercase\">Evinizdeki Huzuru ve Is\u0131y\u0131 Koruyun: Ekinciler PVC Sistemleri<\/h2>\n\n\n\n<p>&#8220;D\u0131\u015far\u0131daki so\u011fuk, g\u00fcr\u00fclt\u00fc ve toz d\u0131\u015far\u0131da kals\u0131n. Ekinciler PVC sistemleri ile evinizde maksimum izolasyon ve esteti\u011fi bir araya getiriyoruz. Modern tasar\u0131m\u0131 y\u00fcksek s\u0131zd\u0131rmazl\u0131k teknolojisiyle birle\u015ftirerek, sadece bir pencere de\u011fil; enerji tasarrufu sa\u011flayan, uzun \u00f6m\u00fcrl\u00fc bir konfor alan\u0131 sunuyoruz.&#8221;<\/p>\n\n\n\n<div class=\"wp-block-buttons is-layout-flex wp-block-buttons-is-layout-flex\">\n<div class=\"wp-block-button is-style-outline is-style-outline--4\"><a class=\"wp-block-button__link wp-element-button\" href=\"https:\/\/www.ekincilercambalkon.tr\/index.php\/galeri\/\" style=\"border-radius:0px\">DEVAMI<\/a><\/div>\n<\/div>\n<\/div>\n<\/div>\n\n\n\n<div style=\"height:30px\" aria-hidden=\"true\" class=\"wp-block-spacer\"><\/div>\n<\/div>\n<\/div>\n\n\n\n<div class=\"wp-block-group alignfull portfolio-dark has-black-background-color has-background has-global-padding is-layout-constrained wp-block-group-is-layout-constrained\" id=\"portfolio\" style=\"margin-top:0px\">\n<div style=\"height:20px\" aria-hidden=\"true\" class=\"wp-block-spacer\"><\/div>\n\n\n\n<p class=\"has-text-align-left has-text-color\" style=\"color:#0bb4aa;letter-spacing:1px\"><strong>Y\u0131llar\u0131n Tecr\u00fcbesi, Gelece\u011fin Teknolojisi<\/strong><\/p>\n\n\n\n<p>&#8220;<strong>Ekinciler Cam Balkon<\/strong>&nbsp;olarak, ya\u015fam alanlar\u0131n\u0131z\u0131 daha estetik, daha fonksiyonel ve daha ya\u015fanabilir k\u0131lmak i\u00e7in yola \u00e7\u0131kt\u0131k. Cam balkon, PVC sistemleri ve \u015f\u0131k korkuluk modellerimizle; kaliteyi yaln\u0131zca bir s\u00f6z olarak de\u011fil, her bir montaj\u0131m\u0131zda somut bir sonu\u00e7 olarak sunuyoruz.<\/p>\n\n\n\n<h1 class=\"wp-block-heading has-text-align-left has-white-color has-text-color has-medium-font-size\"><strong>M\u00fc\u015fteri memnuniyetini merkezimize alarak, sadece \u00fcr\u00fcn de\u011fil; g\u00fcven ve huzur in\u015fa ediyoruz. Modern \u00fcretim tesisimiz ve uzman montaj ekibimizle, evinizin mimarisine en uygun \u00e7\u00f6z\u00fcmleri en uygun maliyetlerle bulu\u015fturuyoruz.&#8221;<\/strong><\/h1>\n\n\n\n<div style=\"height:44px\" aria-hidden=\"true\" class=\"wp-block-spacer\"><\/div>\n\n\n\n<div style=\"height:2px\" aria-hidden=\"true\" class=\"wp-block-spacer\"><\/div>\n<\/div>\n\n\n\n<div id=\"team\" class=\"wp-block-group has-global-padding is-layout-constrained wp-block-group-is-layout-constrained\">\n<div class=\"wp-block-group is-layout-flow wp-block-group-is-layout-flow\">\n<div style=\"height:27px\" aria-hidden=\"true\" class=\"wp-block-spacer\"><\/div>\n\n\n\n<div style=\"height:0px\" aria-hidden=\"true\" class=\"wp-block-spacer\"><\/div>\n\n\n\n<div class=\"wp-block-columns is-layout-flex wp-container-core-columns-is-layout-28f84493 wp-block-columns-is-layout-flex\">\n<div class=\"wp-block-column is-style-default is-layout-flow wp-block-column-is-layout-flow\" style=\"border-style:none;border-width:0px;padding-top:0;padding-right:0;padding-bottom:0;padding-left:0\">\n<figure class=\"wp-block-image size-full is-style-default\"><img loading=\"lazy\" decoding=\"async\" width=\"1920\" height=\"2560\" src=\"http:\/\/www.ekincilercambalkon.tr\/wp-content\/uploads\/2026\/01\/IMG_1568-scaled.jpeg\" alt=\"\" class=\"wp-image-32\" srcset=\"https:\/\/www.ekincilercambalkon.tr\/wp-content\/uploads\/2026\/01\/IMG_1568-scaled.jpeg 1920w, https:\/\/www.ekincilercambalkon.tr\/wp-content\/uploads\/2026\/01\/IMG_1568-225x300.jpeg 225w, https:\/\/www.ekincilercambalkon.tr\/wp-content\/uploads\/2026\/01\/IMG_1568-768x1024.jpeg 768w, https:\/\/www.ekincilercambalkon.tr\/wp-content\/uploads\/2026\/01\/IMG_1568-2000x2667.jpeg 2000w\" sizes=\"auto, (max-width: 1920px) 100vw, 1920px\" \/><\/figure>\n<\/div>\n\n\n\n<div class=\"wp-block-column is-style-default is-layout-flow wp-block-column-is-layout-flow\" style=\"border-style:none;border-width:0px;padding-top:0;padding-right:0;padding-bottom:0;padding-left:0\">\n<figure class=\"wp-block-image size-full\"><img loading=\"lazy\" decoding=\"async\" width=\"1920\" height=\"2560\" src=\"http:\/\/www.ekincilercambalkon.tr\/wp-content\/uploads\/2026\/01\/IMG_1552-scaled.jpeg\" alt=\"\" class=\"wp-image-33\" srcset=\"https:\/\/www.ekincilercambalkon.tr\/wp-content\/uploads\/2026\/01\/IMG_1552-scaled.jpeg 1920w, https:\/\/www.ekincilercambalkon.tr\/wp-content\/uploads\/2026\/01\/IMG_1552-225x300.jpeg 225w, https:\/\/www.ekincilercambalkon.tr\/wp-content\/uploads\/2026\/01\/IMG_1552-768x1024.jpeg 768w, https:\/\/www.ekincilercambalkon.tr\/wp-content\/uploads\/2026\/01\/IMG_1552-2000x2667.jpeg 2000w\" sizes=\"auto, (max-width: 1920px) 100vw, 1920px\" \/><\/figure>\n<\/div>\n\n\n\n<div class=\"wp-block-column is-style-default is-layout-flow wp-block-column-is-layout-flow\" style=\"border-style:none;border-width:0px;padding-top:0;padding-right:0;padding-bottom:0;padding-left:0\">\n<figure class=\"wp-block-image size-full\"><img loading=\"lazy\" decoding=\"async\" width=\"1920\" height=\"2560\" src=\"http:\/\/www.ekincilercambalkon.tr\/wp-content\/uploads\/2026\/01\/IMG_1570-scaled.jpeg\" alt=\"\" class=\"wp-image-34\" srcset=\"https:\/\/www.ekincilercambalkon.tr\/wp-content\/uploads\/2026\/01\/IMG_1570-scaled.jpeg 1920w, https:\/\/www.ekincilercambalkon.tr\/wp-content\/uploads\/2026\/01\/IMG_1570-225x300.jpeg 225w, https:\/\/www.ekincilercambalkon.tr\/wp-content\/uploads\/2026\/01\/IMG_1570-768x1024.jpeg 768w, https:\/\/www.ekincilercambalkon.tr\/wp-content\/uploads\/2026\/01\/IMG_1570-2000x2667.jpeg 2000w\" sizes=\"auto, (max-width: 1920px) 100vw, 1920px\" \/><\/figure>\n<\/div>\n<\/div>\n\n\n\n<div class=\"wp-block-buttons is-content-justification-center is-layout-flex wp-container-core-buttons-is-layout-a89b3969 wp-block-buttons-is-layout-flex\">\n<div class=\"wp-block-button is-style-outline is-style-outline--5\"><a class=\"wp-block-button__link wp-element-button\" href=\"#\" style=\"border-radius:0px\">DEVAMI<\/a><\/div>\n<\/div>\n<\/div>\n<\/div>\n\n\n\n<div class=\"wp-block-cover alignfull has-parallax is-position-center-center\" style=\"border-radius:0px;min-height:535px;aspect-ratio:unset;\"><div class=\"wp-block-cover__image-background wp-image-37 size-large has-parallax\" style=\"background-position:50% 50%;background-image:url(http:\/\/www.ekincilercambalkon.tr\/wp-content\/uploads\/2026\/01\/IMG_1593-768x1024.jpeg)\"><\/div><span aria-hidden=\"true\" class=\"wp-block-cover__background has-black-background-color has-background-dim-40 has-background-dim\"><\/span><div class=\"wp-block-cover__inner-container is-layout-flow wp-block-cover-is-layout-flow\">\n<p class=\"has-text-align-center has-large-font-size\"><\/p>\n<\/div><\/div>\n\n\n\n<p><\/p>\n","protected":false},"excerpt":{"rendered":"<p>Neden Ekinciler Cam Balkon\u2019u Tercih Etmelisiniz? Estetik G\u00f6r\u00fcn\u00fcm:&nbsp;Binan\u0131z\u0131n mimarisine uyum sa\u011flayan, modern ve \u015f\u0131k profil se\u00e7enekleri. D\u00f6rt Mevsim Kullan\u0131m:&nbsp;Is\u0131caml\u0131 sistemlerimizle balkon keyfinizi k\u0131\u015f\u0131n da s\u00fcrd\u00fcr\u00fcn. Maksimum G\u00fcvenlik:&nbsp;Temperli cam ve \u00f6zel kilit sistemleri ile \u00e7ocuklar\u0131n\u0131z ve eviniz i\u00e7in tam koruma. Kolay Temizlik:&nbsp;Kanatlar\u0131n i\u00e7eri katlanma \u00f6zelli\u011fi sayesinde cam temizli\u011fi art\u0131k \u00e7ok daha g\u00fcvenli ve pratik. Ses Yal\u0131t\u0131m\u0131:&nbsp;\u015eehrin &hellip; <\/p>\n<p class=\"link-more\"><a href=\"https:\/\/www.ekincilercambalkon.tr\/\" class=\"more-link\"><span class=\"screen-reader-text\"> &#8220;EK\u0130NC\u0130LER CAM BALKON&#8221;<\/span>devam\u0131n\u0131 oku<\/a><\/p>\n","protected":false},"author":1,"featured_media":0,"parent":0,"menu_order":0,"comment_status":"closed","ping_status":"closed","template":"page-templates\/homepage-builder-bb.php","meta":{"inspiro_hide_title":false,"footnotes":""},"class_list":["post-12","page","type-page","status-publish","hentry"],"_links":{"self":[{"href":"https:\/\/www.ekincilercambalkon.tr\/index.php\/wp-json\/wp\/v2\/pages\/12","targetHints":{"allow":["GET"]}}],"collection":[{"href":"https:\/\/www.ekincilercambalkon.tr\/index.php\/wp-json\/wp\/v2\/pages"}],"about":[{"href":"https:\/\/www.ekincilercambalkon.tr\/index.php\/wp-json\/wp\/v2\/types\/page"}],"author":[{"embeddable":true,"href":"https:\/\/www.ekincilercambalkon.tr\/index.php\/wp-json\/wp\/v2\/users\/1"}],"replies":[{"embeddable":true,"href":"https:\/\/www.ekincilercambalkon.tr\/index.php\/wp-json\/wp\/v2\/comments?post=12"}],"version-history":[{"count":7,"href":"https:\/\/www.ekincilercambalkon.tr\/index.php\/wp-json\/wp\/v2\/pages\/12\/revisions"}],"predecessor-version":[{"id":146,"href":"https:\/\/www.ekincilercambalkon.tr\/index.php\/wp-json\/wp\/v2\/pages\/12\/revisions\/146"}],"wp:attachment":[{"href":"https:\/\/www.ekincilercambalkon.tr\/index.php\/wp-json\/wp\/v2\/media?parent=12"}],"curies":[{"name":"wp","href":"https:\/\/api.w.org\/{rel}","templated":true}]}}